{"id":30,"date":"2017-10-09T18:49:03","date_gmt":"2017-10-09T16:49:03","guid":{"rendered":"http:\/\/www.yoga-nature.fr\/?page_id=30"},"modified":"2025-06-25T16:18:07","modified_gmt":"2025-06-25T14:18:07","slug":"a-propos","status":"publish","type":"page","link":"https:\/\/www.yoga-nature.fr\/index.php\/a-propos\/","title":{"rendered":"CONTACT"},"content":{"rendered":"<p>Nous accueillions les adultes tout niveau et les enfants de 7 \u00e0 11 ans.<\/p>\n<p>Lieu : 95 Chemin des Ciseaux 73370 Le Bourget du Lac<br \/>\nTel : 06 74 31 77 70 \u200b\u200b\u200b\u200b\u200b\u200b<br \/>\nMail : mariesan@yoga-nature.fr<\/p>\n<blockquote><p><strong>TARIFS<\/strong><br \/>\nAdh\u00e9sion \u00e0 l&rsquo;association : 10 \u20ac pour l\u2019ann\u00e9e<br \/>\nCours de hatha yoga : 240\u20ac \u00e0 l&rsquo;ann\u00e9e<br \/>\nCours de nidr\u00e2-yoga : 300\u20ac \u00e0 l&rsquo;ann\u00e9e<\/p>\n<p><strong>Cours de nidr\u00e2 : les lundis ou mercredis \u00a0de 18H30 \u00e0 19H45<\/strong><\/p>\n<p><strong>Cours hatha yoga les mardis 19h<\/strong><\/p>\n<p><strong>et jeudis 7h a 8h15 et 8h30 \u00e0 10h<\/strong><\/p><\/blockquote>\n<p>Nous sommes un petit groupe d\u2019hommes et de femmes \u00e0 la recherche du bien vivre ensemble.<br \/>\nChacun fait ce qu\u2019il peut avec ce qu\u2019il a, dans la joie, alors :<\/p>\n<p><em>Venez vous r\u00e9inscrire ou essayer une s\u00e9ance gratuite.<\/em><\/p>\n<p><img loading=\"lazy\" decoding=\"async\" class=\"alignnone size-medium wp-image-67\" src=\"https:\/\/www.yoga-nature.fr\/wp-content\/uploads\/2017\/10\/DSCF1721-300x225.jpg\" alt=\"\" width=\"300\" height=\"225\" srcset=\"https:\/\/www.yoga-nature.fr\/wp-content\/uploads\/2017\/10\/DSCF1721-300x225.jpg 300w, https:\/\/www.yoga-nature.fr\/wp-content\/uploads\/2017\/10\/DSCF1721-768x576.jpg 768w, https:\/\/www.yoga-nature.fr\/wp-content\/uploads\/2017\/10\/DSCF1721-1024x768.jpg 1024w\" sizes=\"auto, (max-width: 300px) 100vw, 300px\" \/><\/p>\n<p>Et un grand merci \u00e0 mes enseignants de yoga.<\/p>\n<p><a href=\"https:\/\/www.yoga-nature.fr\/p1000993-1\/\"><img loading=\"lazy\" decoding=\"async\" class=\"aligncenter  wp-image-224\" src=\"https:\/\/www.yoga-nature.fr\/wp-content\/uploads\/2020\/04\/P1000993-1.jpg\" alt=\"\" width=\"355\" height=\"562\" srcset=\"https:\/\/www.yoga-nature.fr\/wp-content\/uploads\/2020\/04\/P1000993-1.jpg 929w, https:\/\/www.yoga-nature.fr\/wp-content\/uploads\/2020\/04\/P1000993-1-189x300.jpg 189w, https:\/\/www.yoga-nature.fr\/wp-content\/uploads\/2020\/04\/P1000993-1-768x1217.jpg 768w, https:\/\/www.yoga-nature.fr\/wp-content\/uploads\/2020\/04\/P1000993-1-646x1024.jpg 646w\" sizes=\"auto, (max-width: 355px) 100vw, 355px\" \/><\/a><\/p>\n","protected":false},"excerpt":{"rendered":"<p class=\"excerpt\">Nous accueillions les adultes tout niveau et les enfants de 7 \u00e0 11 ans. Lieu : 95 Chemin des Ciseaux 73370 Le Bourget du Lac Tel : 06 74 31 77 70 \u200b\u200b\u200b\u200b\u200b\u200b Mail : mariesan@yoga-nature.fr TARIFS Adh\u00e9sion \u00e0 l&rsquo;association : 10 \u20ac pour l\u2019ann\u00e9e Cours de hatha yoga : 240\u20ac \u00e0 l&rsquo;ann\u00e9e Cours de nidr\u00e2-yoga : 300\u20ac \u00e0 l&rsquo;ann\u00e9e&hellip; <a href=\"https:\/\/www.yoga-nature.fr\/index.php\/a-propos\/\">Read more &rarr;<\/a><\/p>\n","protected":false},"author":1,"featured_media":0,"parent":0,"menu_order":0,"comment_status":"closed","ping_status":"closed","template":"","meta":{"footnotes":""},"class_list":["post-30","page","type-page","status-publish","hentry","xfolkentry"],"_links":{"self":[{"href":"https:\/\/www.yoga-nature.fr\/index.php\/wp-json\/wp\/v2\/pages\/30","targetHints":{"allow":["GET"]}}],"collection":[{"href":"https:\/\/www.yoga-nature.fr\/index.php\/wp-json\/wp\/v2\/pages"}],"about":[{"href":"https:\/\/www.yoga-nature.fr\/index.php\/wp-json\/wp\/v2\/types\/page"}],"author":[{"embeddable":true,"href":"https:\/\/www.yoga-nature.fr\/index.php\/wp-json\/wp\/v2\/users\/1"}],"replies":[{"embeddable":true,"href":"https:\/\/www.yoga-nature.fr\/index.php\/wp-json\/wp\/v2\/comments?post=30"}],"version-history":[{"count":31,"href":"https:\/\/www.yoga-nature.fr\/index.php\/wp-json\/wp\/v2\/pages\/30\/revisions"}],"predecessor-version":[{"id":758,"href":"https:\/\/www.yoga-nature.fr\/index.php\/wp-json\/wp\/v2\/pages\/30\/revisions\/758"}],"wp:attachment":[{"href":"https:\/\/www.yoga-nature.fr\/index.php\/wp-json\/wp\/v2\/media?parent=30"}],"curies":[{"name":"wp","href":"https:\/\/api.w.org\/{rel}","templated":true}]}}