{"id":573,"date":"2025-05-17T16:17:12","date_gmt":"2025-05-17T14:17:12","guid":{"rendered":"http:\/\/www.yoga-nature.fr\/?page_id=573"},"modified":"2026-02-08T15:28:02","modified_gmt":"2026-02-08T14:28:02","slug":"stage-yoga","status":"publish","type":"page","link":"https:\/\/www.yoga-nature.fr\/index.php\/stage-yoga\/","title":{"rendered":"Un dimanche  en  YOGA"},"content":{"rendered":"\n<p><\/p>\n\n\n\n<p><strong>Date <\/strong> : <br> &#8211; dimanche 22\/03\/26 de 8h \u00e0 17h<\/p>\n\n\n\n<p><strong>Lieu<\/strong> : 95 Chemin des Ciseaux Le Bourget du Lac<br><strong>Th\u00e8me<\/strong> : \u00c9quilibrer nos \u00e9nergies ; entre d\u00e9tente et fermet\u00e9<br><strong>But<\/strong> : s\u00e9r\u00e9nit\u00e9 et joie <br><strong>Enseignante<\/strong> : Madame NGUYEN CANH Marie-San professeur certifi\u00e9e<br>Ce stage s&rsquo;adresse \u00e0 <strong>tous niveaux dans la convivialit\u00e9<\/strong> d&rsquo;un groupe de 6 \u00e0 10 personnes. <br>Repas partag\u00e9s le dimanche<\/p>\n\n\n\n<figure class=\"wp-block-image size-large\"><img loading=\"lazy\" decoding=\"async\" width=\"1024\" height=\"419\" src=\"https:\/\/www.yoga-nature.fr\/wp-content\/uploads\/2025\/12\/A01_0750web-1024x419.jpg\" alt=\"\" class=\"wp-image-764\" srcset=\"https:\/\/www.yoga-nature.fr\/wp-content\/uploads\/2025\/12\/A01_0750web-1024x419.jpg 1024w, https:\/\/www.yoga-nature.fr\/wp-content\/uploads\/2025\/12\/A01_0750web-300x123.jpg 300w, https:\/\/www.yoga-nature.fr\/wp-content\/uploads\/2025\/12\/A01_0750web-768x314.jpg 768w, https:\/\/www.yoga-nature.fr\/wp-content\/uploads\/2025\/12\/A01_0750web-1536x628.jpg 1536w, https:\/\/www.yoga-nature.fr\/wp-content\/uploads\/2025\/12\/A01_0750web.jpg 1570w\" sizes=\"auto, (max-width: 1024px) 100vw, 1024px\" \/><\/figure>\n\n\n\n<p><strong>Tarif<\/strong> :  dimanche : 60\u20ac<\/p>\n\n\n\n<p>dont 20 \u20ac d&rsquo;acompte \u00e0 l&rsquo;inscription avant le 14\/03\/26 pour r\u00e9server. <br>Non remboursable.<br><strong>Renseignement et Inscriptions<\/strong> : mariesan@yoga-nature.fr ou 06 74 31 77 70<br><br>&#8212;&#8212;&#8212;&#8212;&#8212;&#8212;&#8212;&#8212;&#8212;&#8212;&#8212;&#8212;&#8212;&#8212;&#8212;&#8212;&#8212;&#8212;&#8212;&#8212;&#8212;&#8212;&#8212;&#8212;&#8212;&#8212;&#8212;&#8212;&#8212;&#8212;&#8212;&#8212;&#8212;&#8212;&#8211;<br>Fiche d&rsquo;inscription \u00e0 retourner par mail ou adresse :<\/p>\n\n\n\n<p> Yoga Nature :95 chemin des Ciseaux 73 370 LE BOURGET DU LAC<br>Je m&rsquo;inscris \u00e0 la journ\u00e9e de yoga du 22 mars 26<\/p>\n\n\n\n<p>Nom :                                                                                  Pr\u00e9nom : <br>Date naissance :                                                                  Adresse mail :<br>Personne \u00e0 pr\u00e9venir en cas d&rsquo;urgence : Nom :<br>Tel :<br>Ci joint 20\u20ac en ch\u00e8que (ordre : yoga-nature), esp\u00e8ce ou virement.<br><\/p>\n\n\n\n<p><br><br><strong>Renseignement et Inscriptions<\/strong> : mariesan@yoga-nature.fr ou 06 74 31 77 70<\/p>\n\n\n\n<p><\/p>\n","protected":false},"excerpt":{"rendered":"<p class=\"excerpt\">Date : &#8211; dimanche 22\/03\/26 de 8h \u00e0 17h Lieu : 95 Chemin des Ciseaux Le Bourget du LacTh\u00e8me : \u00c9quilibrer nos \u00e9nergies ; entre d\u00e9tente et fermet\u00e9But : s\u00e9r\u00e9nit\u00e9 et joie Enseignante : Madame NGUYEN CANH Marie-San professeur certifi\u00e9eCe stage s&rsquo;adresse \u00e0 tous niveaux dans la convivialit\u00e9 d&rsquo;un groupe de 6 \u00e0 10 personnes. Repas partag\u00e9s le dimanche Tarif&hellip; <a href=\"https:\/\/www.yoga-nature.fr\/index.php\/stage-yoga\/\">Read more &rarr;<\/a><\/p>\n","protected":false},"author":1,"featured_media":0,"parent":0,"menu_order":0,"comment_status":"closed","ping_status":"closed","template":"","meta":{"footnotes":""},"class_list":["post-573","page","type-page","status-publish","hentry","xfolkentry"],"_links":{"self":[{"href":"https:\/\/www.yoga-nature.fr\/index.php\/wp-json\/wp\/v2\/pages\/573","targetHints":{"allow":["GET"]}}],"collection":[{"href":"https:\/\/www.yoga-nature.fr\/index.php\/wp-json\/wp\/v2\/pages"}],"about":[{"href":"https:\/\/www.yoga-nature.fr\/index.php\/wp-json\/wp\/v2\/types\/page"}],"author":[{"embeddable":true,"href":"https:\/\/www.yoga-nature.fr\/index.php\/wp-json\/wp\/v2\/users\/1"}],"replies":[{"embeddable":true,"href":"https:\/\/www.yoga-nature.fr\/index.php\/wp-json\/wp\/v2\/comments?post=573"}],"version-history":[{"count":20,"href":"https:\/\/www.yoga-nature.fr\/index.php\/wp-json\/wp\/v2\/pages\/573\/revisions"}],"predecessor-version":[{"id":790,"href":"https:\/\/www.yoga-nature.fr\/index.php\/wp-json\/wp\/v2\/pages\/573\/revisions\/790"}],"wp:attachment":[{"href":"https:\/\/www.yoga-nature.fr\/index.php\/wp-json\/wp\/v2\/media?parent=573"}],"curies":[{"name":"wp","href":"https:\/\/api.w.org\/{rel}","templated":true}]}}