{"id":91,"date":"2018-08-09T10:46:47","date_gmt":"2018-08-09T08:46:47","guid":{"rendered":"http:\/\/www.yoga-nature.fr\/?page_id=91"},"modified":"2026-02-08T15:36:05","modified_gmt":"2026-02-08T14:36:05","slug":"yoga-et-nature","status":"publish","type":"page","link":"https:\/\/www.yoga-nature.fr\/","title":{"rendered":"YOGA ET NATURE"},"content":{"rendered":"\n<ul class=\"wp-block-list\">\n<li><strong>Cours \u00e0 l&rsquo;ann\u00e9e <\/strong>les mardis mercredis et jeudis voir dans Yoga pour adulte et Nidr\u00e2 -Yoga<br>Hatha yoga mardi 19H ou Jeudi 7h ou 8H30<br>nidr\u00e2-yoga : relaxation et conscience mercredi 18h30<\/li>\n<\/ul>\n\n\n\n<figure class=\"wp-block-image size-large\"><img loading=\"lazy\" decoding=\"async\" width=\"1024\" height=\"683\" src=\"https:\/\/www.yoga-nature.fr\/wp-content\/uploads\/2024\/06\/A01_0803x2web-1024x683.jpg\" alt=\"\" class=\"wp-image-642\" srcset=\"https:\/\/www.yoga-nature.fr\/wp-content\/uploads\/2024\/06\/A01_0803x2web-1024x683.jpg 1024w, https:\/\/www.yoga-nature.fr\/wp-content\/uploads\/2024\/06\/A01_0803x2web-300x200.jpg 300w, https:\/\/www.yoga-nature.fr\/wp-content\/uploads\/2024\/06\/A01_0803x2web-768x512.jpg 768w, https:\/\/www.yoga-nature.fr\/wp-content\/uploads\/2024\/06\/A01_0803x2web.jpg 1120w\" sizes=\"auto, (max-width: 1024px) 100vw, 1024px\" \/><figcaption class=\"wp-element-caption\">Cours de yoga tous niveaux dans l&rsquo;intimit\u00e9 d&rsquo;un petit groupe.<\/figcaption><\/figure>\n\n\n\n<p>&#8211; <br><strong>STAGE<\/strong><\/p>\n\n\n\n<ul class=\"wp-block-list\">\n<li><strong>Dimanche 22\/03\/26 de 8h \u00e0 17h<\/strong><\/li>\n<\/ul>\n\n\n\n<p><strong>Equilibrer nos \u00e9nergies<\/strong> : entre d\u00e9tente et fermet\u00e9<br><br><strong>But : s\u00e9r\u00e9nit\u00e9 et joie.<\/strong> Des pratiques que vous pourrez re faire chez vous.<br> Un dimanche dans la convivialit\u00e9( 6 \u00e0 10 personnes), tous niveaux. <br>Pratique de postures, respirations, nidr\u00e2-yoga, temps d&rsquo;\u00e9change.<br>Repas partag\u00e9s les dimanches.<br><strong>Tarif <\/strong>: un dimanche 60\u20ac<br>Acompte : 20\u20ac&nbsp;\u00e0 la r\u00e9servation. (non remboursable)<\/p>\n\n\n\n<p>RENSEIGNEMENTS aupr\u00e8s du professeurs de yoga.<\/p>\n\n\n\n<p>NGUYEN CANH&nbsp;MS&nbsp;: mail&nbsp;: <a href=\"mailto:mariesan@yoga-nature.fr\">mariesan@yoga-nature.fr<\/a> &nbsp;tel : 06 74 31 77 70&nbsp;&nbsp;&nbsp;&nbsp;&nbsp;&nbsp;&nbsp;&nbsp; <\/p>\n\n\n\n<p><strong>FICHE D\u2019INSCRIPTION<\/strong> avant le 14\/03\/26<br>\u00c0 renvoyer \u00e0&nbsp;: Yoga et nature&nbsp;&nbsp; 95 Chemin des Ciseaux &nbsp;&nbsp;73370 Le Bourget du Lac<br>&#8212;&#8212;&#8212;&#8212;&#8212;&#8212;&#8212;&#8212;&#8212;&#8212;&#8212;&#8212;&#8212;&#8212;&#8212;&#8212;&#8212;&#8212;&#8212;&#8212;&#8212;&#8212;&#8212;&#8212;&#8212;&#8212;&#8212;&#8212;&#8212;&#8212;&#8212;&#8212;&#8212;&#8212;&#8211;<\/p>\n\n\n\n<p>NOM&nbsp;:&nbsp;&nbsp;&nbsp;&nbsp;&nbsp;&nbsp;&nbsp;&nbsp;&nbsp;&nbsp;&nbsp;&nbsp;&nbsp;&nbsp;&nbsp;&nbsp;&nbsp;&nbsp;&nbsp;&nbsp;&nbsp;&nbsp;&nbsp;&nbsp;&nbsp;&nbsp;&nbsp;&nbsp;&nbsp;&nbsp;&nbsp;&nbsp;&nbsp;&nbsp;&nbsp;&nbsp;&nbsp;&nbsp;&nbsp;&nbsp;&nbsp;&nbsp;&nbsp;&nbsp;&nbsp;&nbsp;&nbsp;&nbsp;&nbsp;&nbsp;&nbsp;&nbsp;&nbsp;&nbsp;&nbsp;&nbsp;&nbsp;&nbsp;&nbsp;&nbsp;&nbsp;&nbsp;&nbsp;&nbsp;&nbsp;&nbsp;&nbsp;&nbsp;&nbsp;&nbsp;&nbsp;&nbsp;&nbsp;&nbsp;&nbsp;&nbsp;&nbsp;&nbsp;&nbsp;&nbsp;&nbsp;&nbsp;\nPRENOM&nbsp;:<\/p>\n\n\n\n<p>TEL&nbsp;&nbsp;&nbsp; :&nbsp;&nbsp;&nbsp;&nbsp;&nbsp;&nbsp;&nbsp;&nbsp;&nbsp;&nbsp;&nbsp;&nbsp;&nbsp;&nbsp;&nbsp;&nbsp;&nbsp;&nbsp;&nbsp;&nbsp;&nbsp;&nbsp;&nbsp;&nbsp;&nbsp;&nbsp;&nbsp;&nbsp;&nbsp;&nbsp;&nbsp;&nbsp;&nbsp;&nbsp;&nbsp;&nbsp;&nbsp;&nbsp;&nbsp;&nbsp;&nbsp;&nbsp;&nbsp;\nMAIL&nbsp;:<\/p>\n\n\n\n<p>Personne\n\u00e0 pr\u00e9venir en cas d\u2019urgence&nbsp;:<\/p>\n\n\n\n<p>NOM&nbsp;:&nbsp;&nbsp;&nbsp;&nbsp;&nbsp;&nbsp;&nbsp;&nbsp;&nbsp;&nbsp;&nbsp;&nbsp;&nbsp;&nbsp;&nbsp;&nbsp;&nbsp;&nbsp;&nbsp;&nbsp;&nbsp;&nbsp;&nbsp;&nbsp;&nbsp;&nbsp;&nbsp;&nbsp;&nbsp;&nbsp;&nbsp;&nbsp;&nbsp;&nbsp;&nbsp;&nbsp;&nbsp;&nbsp;&nbsp;&nbsp;&nbsp;&nbsp;&nbsp;&nbsp;&nbsp;&nbsp;&nbsp;&nbsp;&nbsp;&nbsp;&nbsp;&nbsp;&nbsp;&nbsp;&nbsp;&nbsp;&nbsp;&nbsp;&nbsp;&nbsp;&nbsp;&nbsp;&nbsp;&nbsp;&nbsp;&nbsp;&nbsp;&nbsp;&nbsp;&nbsp;&nbsp;&nbsp;&nbsp;&nbsp;&nbsp;&nbsp;&nbsp;&nbsp;&nbsp;&nbsp;&nbsp;&nbsp;&nbsp;&nbsp;\nPRENOM&nbsp;:<\/p>\n\n\n\n<p>TEL&nbsp;&nbsp;&nbsp; :<\/p>\n\n\n\n<p>Je m\u2019inscris au stage ci-dessous, ci-joint un ch\u00e8que de 20 euros pour r\u00e9server.<br> (non remboursable) Ordre : yoga et nature. Le solde est \u00e0 r\u00e9gler en d\u00e9but de stage.<\/p>\n\n\n\n<p><br> DATE&nbsp;:&nbsp;&nbsp;&nbsp;&nbsp;&nbsp;&nbsp;&nbsp;&nbsp;&nbsp;&nbsp;&nbsp;&nbsp;&nbsp;&nbsp;&nbsp;&nbsp;&nbsp;&nbsp;&nbsp;&nbsp;&nbsp;&nbsp;&nbsp;&nbsp;&nbsp;&nbsp;&nbsp;&nbsp;&nbsp;&nbsp;&nbsp;&nbsp;&nbsp;&nbsp;&nbsp;&nbsp;&nbsp;&nbsp;&nbsp;&nbsp;&nbsp;&nbsp;&nbsp;&nbsp;&nbsp;&nbsp;&nbsp;&nbsp;&nbsp;&nbsp;&nbsp;&nbsp;&nbsp;&nbsp;&nbsp;&nbsp;&nbsp;&nbsp;&nbsp;&nbsp;&nbsp;&nbsp;&nbsp;&nbsp;&nbsp;&nbsp;&nbsp;&nbsp;&nbsp;&nbsp;&nbsp;&nbsp;&nbsp;&nbsp; SIGNATURE&nbsp;: <\/p>\n\n\n\n<p><\/p>\n\n\n\n<p>&#8212;&#8212;&#8212;&#8212;&#8212;&#8212;&#8212;&#8212;&#8212;&#8212;&#8212;&#8212;&#8212;&#8212;&#8212;&#8212;&#8212;&#8212;&#8212;&#8212;&#8212;&#8212;&#8212;&#8212;&#8212;&#8212;&#8212;&#8212;&#8212;&#8212;&#8212;&#8212;&#8212;&#8212;&#8211;<\/p>\n\n\n\n<figure class=\"wp-block-image size-large\"><img loading=\"lazy\" decoding=\"async\" width=\"724\" height=\"1024\" src=\"https:\/\/www.yoga-nature.fr\/wp-content\/uploads\/2026\/02\/Affiche_stage_mars_telephone-1-724x1024.png\" alt=\"\" class=\"wp-image-795\" srcset=\"https:\/\/www.yoga-nature.fr\/wp-content\/uploads\/2026\/02\/Affiche_stage_mars_telephone-1-724x1024.png 724w, https:\/\/www.yoga-nature.fr\/wp-content\/uploads\/2026\/02\/Affiche_stage_mars_telephone-1-212x300.png 212w, https:\/\/www.yoga-nature.fr\/wp-content\/uploads\/2026\/02\/Affiche_stage_mars_telephone-1-768x1086.png 768w, https:\/\/www.yoga-nature.fr\/wp-content\/uploads\/2026\/02\/Affiche_stage_mars_telephone-1-1086x1536.png 1086w, https:\/\/www.yoga-nature.fr\/wp-content\/uploads\/2026\/02\/Affiche_stage_mars_telephone-1-1448x2048.png 1448w, https:\/\/www.yoga-nature.fr\/wp-content\/uploads\/2026\/02\/Affiche_stage_mars_telephone-1-scaled.png 1810w\" sizes=\"auto, (max-width: 724px) 100vw, 724px\" \/><\/figure>\n\n\n\n<p>&#8212;&#8212;&#8212;&#8212;&#8212;&#8212;&#8212;&#8212;&#8212;&#8212;&#8212;&#8212;&#8212;&#8212;&#8212;&#8212;&#8212;&#8212;&#8212;&#8212;&#8212;&#8212;&#8212;&#8212;&#8212;&#8212;&#8212;&#8212;&#8212;&#8212;&#8212;&#8212;&#8212;&#8212;&#8211;<\/p>\n\n\n\n<p><\/p>\n\n\n\n<figure class=\"wp-block-image size-large\"><img loading=\"lazy\" decoding=\"async\" width=\"768\" height=\"1024\" src=\"https:\/\/www.yoga-nature.fr\/wp-content\/uploads\/2024\/03\/IMG_7253-768x1024.jpg\" alt=\"\" class=\"wp-image-619\" srcset=\"https:\/\/www.yoga-nature.fr\/wp-content\/uploads\/2024\/03\/IMG_7253-768x1024.jpg 768w, https:\/\/www.yoga-nature.fr\/wp-content\/uploads\/2024\/03\/IMG_7253-225x300.jpg 225w, https:\/\/www.yoga-nature.fr\/wp-content\/uploads\/2024\/03\/IMG_7253-1152x1536.jpg 1152w, https:\/\/www.yoga-nature.fr\/wp-content\/uploads\/2024\/03\/IMG_7253-1536x2048.jpg 1536w, https:\/\/www.yoga-nature.fr\/wp-content\/uploads\/2024\/03\/IMG_7253-scaled.jpg 1920w\" sizes=\"auto, (max-width: 768px) 100vw, 768px\" \/><\/figure>\n","protected":false},"excerpt":{"rendered":"<p class=\"excerpt\">&#8211; STAGE Equilibrer nos \u00e9nergies : entre d\u00e9tente et fermet\u00e9 But : s\u00e9r\u00e9nit\u00e9 et joie. Des pratiques que vous pourrez re faire chez vous. Un dimanche dans la convivialit\u00e9( 6 \u00e0 10 personnes), tous niveaux. Pratique de postures, respirations, nidr\u00e2-yoga, temps d&rsquo;\u00e9change.Repas partag\u00e9s les dimanches.Tarif : un dimanche 60\u20acAcompte : 20\u20ac&nbsp;\u00e0 la r\u00e9servation. (non remboursable) RENSEIGNEMENTS aupr\u00e8s du professeurs de&hellip; <a href=\"https:\/\/www.yoga-nature.fr\/\">Read more &rarr;<\/a><\/p>\n","protected":false},"author":1,"featured_media":0,"parent":0,"menu_order":0,"comment_status":"closed","ping_status":"closed","template":"","meta":{"footnotes":""},"class_list":["post-91","page","type-page","status-publish","hentry","xfolkentry"],"_links":{"self":[{"href":"https:\/\/www.yoga-nature.fr\/index.php\/wp-json\/wp\/v2\/pages\/91","targetHints":{"allow":["GET"]}}],"collection":[{"href":"https:\/\/www.yoga-nature.fr\/index.php\/wp-json\/wp\/v2\/pages"}],"about":[{"href":"https:\/\/www.yoga-nature.fr\/index.php\/wp-json\/wp\/v2\/types\/page"}],"author":[{"embeddable":true,"href":"https:\/\/www.yoga-nature.fr\/index.php\/wp-json\/wp\/v2\/users\/1"}],"replies":[{"embeddable":true,"href":"https:\/\/www.yoga-nature.fr\/index.php\/wp-json\/wp\/v2\/comments?post=91"}],"version-history":[{"count":44,"href":"https:\/\/www.yoga-nature.fr\/index.php\/wp-json\/wp\/v2\/pages\/91\/revisions"}],"predecessor-version":[{"id":797,"href":"https:\/\/www.yoga-nature.fr\/index.php\/wp-json\/wp\/v2\/pages\/91\/revisions\/797"}],"wp:attachment":[{"href":"https:\/\/www.yoga-nature.fr\/index.php\/wp-json\/wp\/v2\/media?parent=91"}],"curies":[{"name":"wp","href":"https:\/\/api.w.org\/{rel}","templated":true}]}}